{"id":342,"date":"2021-04-25T19:25:49","date_gmt":"2021-04-25T19:25:49","guid":{"rendered":"http:\/\/upt.com.ar\/?page_id=342"},"modified":"2023-03-05T13:55:04","modified_gmt":"2023-03-05T13:55:04","slug":"nos","status":"publish","type":"page","link":"https:\/\/upt.com.ar\/index.php\/nos\/","title":{"rendered":"Nosotros"},"content":{"rendered":"\t\t<div data-elementor-type=\"wp-page\" data-elementor-id=\"342\" class=\"elementor elementor-342\">\n\t\t\t\t\t\t<section class=\"elementor-section elementor-top-section elementor-element elementor-element-1ad57c6d elementor-section-full_width elementor-section-content-middle elementor-section-height-default elementor-section-height-default\" data-id=\"1ad57c6d\" data-element_type=\"section\" data-settings=\"{&quot;background_background&quot;:&quot;classic&quot;}\">\n\t\t\t\t\t\t\t<div class=\"elementor-background-overlay\"><\/div>\n\t\t\t\t\t\t\t<div class=\"elementor-container elementor-column-gap-default\">\n\t\t\t\t\t<div class=\"elementor-column elementor-col-100 elementor-top-column elementor-element elementor-element-5b7ed855\" data-id=\"5b7ed855\" data-element_type=\"column\">\n\t\t\t<div class=\"elementor-widget-wrap elementor-element-populated\">\n\t\t\t\t\t\t<div class=\"elementor-element elementor-element-5511605 elementor-widget-divider--view-line elementor-widget elementor-widget-divider\" data-id=\"5511605\" data-element_type=\"widget\" data-widget_type=\"divider.default\">\n\t\t\t\t<div class=\"elementor-widget-container\">\n\t\t\t\t\t\t\t<div class=\"elementor-divider\">\n\t\t\t<span class=\"elementor-divider-separator\">\n\t\t\t\t\t\t<\/span>\n\t\t<\/div>\n\t\t\t\t\t\t<\/div>\n\t\t\t\t<\/div>\n\t\t\t\t\t<\/div>\n\t\t<\/div>\n\t\t\t\t\t<\/div>\n\t\t<\/section>\n\t\t\t\t<section class=\"elementor-section elementor-top-section elementor-element elementor-element-79514c16 elementor-section-full_width elementor-section-height-default elementor-section-height-default\" data-id=\"79514c16\" data-element_type=\"section\" data-settings=\"{&quot;background_background&quot;:&quot;classic&quot;}\">\n\t\t\t\t\t\t<div class=\"elementor-container elementor-column-gap-default\">\n\t\t\t\t\t<div class=\"elementor-column elementor-col-100 elementor-top-column elementor-element elementor-element-3b6aeb95 elementor-invisible\" data-id=\"3b6aeb95\" data-element_type=\"column\" data-settings=\"{&quot;animation&quot;:&quot;fadeInUp&quot;}\">\n\t\t\t<div class=\"elementor-widget-wrap elementor-element-populated\">\n\t\t\t\t\t\t<div class=\"elementor-element elementor-element-7f65b246 elementor-widget elementor-widget-heading\" data-id=\"7f65b246\" data-element_type=\"widget\" data-widget_type=\"heading.default\">\n\t\t\t\t<div class=\"elementor-widget-container\">\n\t\t\t\t\t<h3 class=\"elementor-heading-title elementor-size-medium\">Nosotros<\/h3>\t\t\t\t<\/div>\n\t\t\t\t<\/div>\n\t\t\t\t<div class=\"elementor-element elementor-element-710ef71 elementor-widget elementor-widget-text-editor\" data-id=\"710ef71\" data-element_type=\"widget\" data-widget_type=\"text-editor.default\">\n\t\t\t\t<div class=\"elementor-widget-container\">\n\t\t\t\t\t\t\t\t\t<p>Nos enorgullece presentar en sociedad la Universidad Popular de los Trabajadores y Trabajadoras de Mar del Plata y Zona Atl\u00e1ntica, creada por el Sindicato de Empleados de Comercio de Mar del Plata y Zona Atl\u00e1ntica (SECZA) en el marco de lo establecido por la OCS N\u00b0562 del 2019 de la Universidad Nacional de Mar del Plata de creaci\u00f3n de Universidades Populares, y avalada por la Resoluci\u00f3n N\u00b02004 de Rectorado.<\/p>\n<p>Con la concreci\u00f3n de la Universidad Popular de los Trabajadores y Trabajadoras de Mar del Plata y Zona Atl\u00e1ntica, el SECZA contin\u00faa avanzando en el anhelo de educar con calidad para la formaci\u00f3n de un pensamiento cr\u00edtico alternativo, opuesto a los poderes dominantes, mediante el cual profesionales de la educaci\u00f3n, trabajadores e integrantes de movimientos sociales y de la sociedad civil en general, de manera conjunta y colaborativa, ayudemos a construir una sociedad diferente, m\u00e1s libre, igualitaria, justa, inclusiva y sin discriminaci\u00f3n.<\/p>\t\t\t\t\t\t\t\t<\/div>\n\t\t\t\t<\/div>\n\t\t\t\t\t<\/div>\n\t\t<\/div>\n\t\t\t\t\t<\/div>\n\t\t<\/section>\n\t\t\t\t<section class=\"elementor-section elementor-top-section elementor-element elementor-element-5dceb29 elementor-section-full_width elementor-section-content-middle elementor-section-height-default elementor-section-height-default elementor-invisible\" data-id=\"5dceb29\" data-element_type=\"section\" data-settings=\"{&quot;animation&quot;:&quot;slideInUp&quot;}\">\n\t\t\t\t\t\t<div class=\"elementor-container elementor-column-gap-wider\">\n\t\t\t\t\t<div class=\"elementor-column elementor-col-33 elementor-top-column elementor-element elementor-element-be0203f\" data-id=\"be0203f\" data-element_type=\"column\">\n\t\t\t<div class=\"elementor-widget-wrap elementor-element-populated\">\n\t\t\t\t\t\t<div class=\"elementor-element elementor-element-a42fdc3 elementor-widget elementor-widget-text-editor\" data-id=\"a42fdc3\" data-element_type=\"widget\" data-widget_type=\"text-editor.default\">\n\t\t\t\t<div class=\"elementor-widget-container\">\n\t\t\t\t\t\t\t\t\t<p><a href=\"https:\/\/secza.org.ar\/\" target=\"_blank\" rel=\"noopener\"><img decoding=\"async\" class=\"alignnone wp-image-84 size-medium\" src=\"https:\/\/upt.com.ar\/wp-content\/uploads\/2021\/04\/SECZO-300x159.png\" alt=\"\" width=\"300\" height=\"159\" srcset=\"https:\/\/upt.com.ar\/wp-content\/uploads\/2021\/04\/SECZO-300x159.png 300w, https:\/\/upt.com.ar\/wp-content\/uploads\/2021\/04\/SECZO-1024x542.png 1024w, https:\/\/upt.com.ar\/wp-content\/uploads\/2021\/04\/SECZO-768x407.png 768w, https:\/\/upt.com.ar\/wp-content\/uploads\/2021\/04\/SECZO.png 1280w\" sizes=\"(max-width: 300px) 100vw, 300px\" \/><\/a><\/p>\t\t\t\t\t\t\t\t<\/div>\n\t\t\t\t<\/div>\n\t\t\t\t\t<\/div>\n\t\t<\/div>\n\t\t\t\t<div class=\"elementor-column elementor-col-33 elementor-top-column elementor-element elementor-element-1565ff6\" data-id=\"1565ff6\" data-element_type=\"column\">\n\t\t\t<div class=\"elementor-widget-wrap elementor-element-populated\">\n\t\t\t\t\t\t<div class=\"elementor-element elementor-element-f39919d elementor-widget elementor-widget-text-editor\" data-id=\"f39919d\" data-element_type=\"widget\" data-widget_type=\"text-editor.default\">\n\t\t\t\t<div class=\"elementor-widget-container\">\n\t\t\t\t\t\t\t\t\t<p><a href=\"https:\/\/upt.com.ar\/\" target=\"_blank\" rel=\"noopener\"><img decoding=\"async\" class=\"aligncenter wp-image-423 size-medium\" src=\"https:\/\/upt.com.ar\/wp-content\/uploads\/2021\/04\/Logo-UPTMDP-PNG-300x84.png\" alt=\"\" width=\"300\" height=\"84\" srcset=\"https:\/\/upt.com.ar\/wp-content\/uploads\/2021\/04\/Logo-UPTMDP-PNG-300x84.png 300w, https:\/\/upt.com.ar\/wp-content\/uploads\/2021\/04\/Logo-UPTMDP-PNG-1024x287.png 1024w, https:\/\/upt.com.ar\/wp-content\/uploads\/2021\/04\/Logo-UPTMDP-PNG-768x215.png 768w, https:\/\/upt.com.ar\/wp-content\/uploads\/2021\/04\/Logo-UPTMDP-PNG-1536x431.png 1536w, https:\/\/upt.com.ar\/wp-content\/uploads\/2021\/04\/Logo-UPTMDP-PNG-2048x574.png 2048w\" sizes=\"(max-width: 300px) 100vw, 300px\" \/><\/a><\/p>\t\t\t\t\t\t\t\t<\/div>\n\t\t\t\t<\/div>\n\t\t\t\t\t<\/div>\n\t\t<\/div>\n\t\t\t\t<div class=\"elementor-column elementor-col-33 elementor-top-column elementor-element elementor-element-2966335\" data-id=\"2966335\" data-element_type=\"column\">\n\t\t\t<div class=\"elementor-widget-wrap elementor-element-populated\">\n\t\t\t\t\t\t<div class=\"elementor-element elementor-element-07a1e0b elementor-widget elementor-widget-text-editor\" data-id=\"07a1e0b\" data-element_type=\"widget\" data-widget_type=\"text-editor.default\">\n\t\t\t\t<div class=\"elementor-widget-container\">\n\t\t\t\t\t\t\t\t\t<p><a href=\"https:\/\/www.mdp.edu.ar\/\" target=\"_blank\" rel=\"noopener\"><img decoding=\"async\" class=\"aligncenter wp-image-87 size-medium\" src=\"https:\/\/upt.com.ar\/wp-content\/uploads\/2021\/04\/UNMPD-300x113.png\" alt=\"\" width=\"300\" height=\"113\" srcset=\"https:\/\/upt.com.ar\/wp-content\/uploads\/2021\/04\/UNMPD-300x113.png 300w, https:\/\/upt.com.ar\/wp-content\/uploads\/2021\/04\/UNMPD.png 600w\" sizes=\"(max-width: 300px) 100vw, 300px\" \/><\/a><\/p>\t\t\t\t\t\t\t\t<\/div>\n\t\t\t\t<\/div>\n\t\t\t\t\t<\/div>\n\t\t<\/div>\n\t\t\t\t\t<\/div>\n\t\t<\/section>\n\t\t\t\t<section class=\"elementor-section elementor-top-section elementor-element elementor-element-9ebe6ea elementor-section-boxed elementor-section-height-default elementor-section-height-default elementor-invisible\" data-id=\"9ebe6ea\" data-element_type=\"section\" data-settings=\"{&quot;animation&quot;:&quot;slideInUp&quot;}\">\n\t\t\t\t\t\t<div class=\"elementor-container elementor-column-gap-default\">\n\t\t\t\t\t<div class=\"elementor-column elementor-col-100 elementor-top-column elementor-element elementor-element-b4cb383\" data-id=\"b4cb383\" data-element_type=\"column\">\n\t\t\t<div class=\"elementor-widget-wrap elementor-element-populated\">\n\t\t\t\t\t\t<div class=\"elementor-element elementor-element-90b7e77 elementor-widget-divider--view-line elementor-widget elementor-widget-divider\" data-id=\"90b7e77\" data-element_type=\"widget\" data-widget_type=\"divider.default\">\n\t\t\t\t<div class=\"elementor-widget-container\">\n\t\t\t\t\t\t\t<div class=\"elementor-divider\">\n\t\t\t<span class=\"elementor-divider-separator\">\n\t\t\t\t\t\t<\/span>\n\t\t<\/div>\n\t\t\t\t\t\t<\/div>\n\t\t\t\t<\/div>\n\t\t\t\t<div class=\"elementor-element elementor-element-7407178 elementor-widget elementor-widget-heading\" data-id=\"7407178\" data-element_type=\"widget\" data-widget_type=\"heading.default\">\n\t\t\t\t<div class=\"elementor-widget-container\">\n\t\t\t\t\t<h3 class=\"elementor-heading-title elementor-size-medium\">AUTORIDADES<\/h3>\t\t\t\t<\/div>\n\t\t\t\t<\/div>\n\t\t\t\t<div class=\"elementor-element elementor-element-f424806 elementor-widget-divider--view-line elementor-widget elementor-widget-divider\" data-id=\"f424806\" data-element_type=\"widget\" data-widget_type=\"divider.default\">\n\t\t\t\t<div class=\"elementor-widget-container\">\n\t\t\t\t\t\t\t<div class=\"elementor-divider\">\n\t\t\t<span class=\"elementor-divider-separator\">\n\t\t\t\t\t\t<\/span>\n\t\t<\/div>\n\t\t\t\t\t\t<\/div>\n\t\t\t\t<\/div>\n\t\t\t\t<div class=\"elementor-element elementor-element-20f5ec8 elementor-widget elementor-widget-text-editor\" data-id=\"20f5ec8\" data-element_type=\"widget\" data-widget_type=\"text-editor.default\">\n\t\t\t\t<div class=\"elementor-widget-container\">\n\t\t\t\t\t\t\t\t\t<p style=\"text-align: center;\"><strong>Rector UNMDP<\/strong><br \/>CPN Alfredo Lazzeretti<\/p><p style=\"text-align: center;\"><strong>Sec. Gral. del SECZA<\/strong><br \/>Cro. Guillermo Bianchi<\/p><p style=\"text-align: center;\"><strong>Rector UPT<\/strong><br \/>Dr. Pablo Slavin<\/p><p style=\"text-align: center;\"><strong>Vicerrectora UPT<\/strong><br \/>Dra. Juliana Tumini<\/p><p style=\"text-align: center;\"><strong>Secretario\u00a0<\/strong><b>Acad\u00e9mico<\/b><br \/>Prof. Ra\u00fal H. Garc\u00eda<\/p><p style=\"text-align: center;\"><b>Secretaria Administrativa<\/b><br \/>Cra. Mariela Jacob<\/p><p style=\"text-align: center;\"><strong>Coordinadora Gral. UPT <\/strong><br \/><span style=\"font-weight: 400;\">Cra. <\/span>Luciana Debenedetti<\/p><p style=\"text-align: center;\"><strong>Secretario Ejecutivo <\/strong><br \/>Prof. Facundo Herrera<\/p>\t\t\t\t\t\t\t\t<\/div>\n\t\t\t\t<\/div>\n\t\t\t\t\t<\/div>\n\t\t<\/div>\n\t\t\t\t\t<\/div>\n\t\t<\/section>\n\t\t\t\t<section class=\"elementor-section elementor-top-section elementor-element elementor-element-e2c0d14 elementor-section-boxed elementor-section-height-default elementor-section-height-default\" data-id=\"e2c0d14\" data-element_type=\"section\">\n\t\t\t\t\t\t<div class=\"elementor-container elementor-column-gap-default\">\n\t\t\t\t\t<div class=\"elementor-column elementor-col-100 elementor-top-column elementor-element elementor-element-eddd0f3\" data-id=\"eddd0f3\" data-element_type=\"column\">\n\t\t\t<div class=\"elementor-widget-wrap elementor-element-populated\">\n\t\t\t\t\t\t<div class=\"elementor-element elementor-element-16a8c03 elementor-widget-divider--view-line elementor-widget elementor-widget-divider\" data-id=\"16a8c03\" data-element_type=\"widget\" data-widget_type=\"divider.default\">\n\t\t\t\t<div class=\"elementor-widget-container\">\n\t\t\t\t\t\t\t<div class=\"elementor-divider\">\n\t\t\t<span class=\"elementor-divider-separator\">\n\t\t\t\t\t\t<\/span>\n\t\t<\/div>\n\t\t\t\t\t\t<\/div>\n\t\t\t\t<\/div>\n\t\t\t\t\t<\/div>\n\t\t<\/div>\n\t\t\t\t\t<\/div>\n\t\t<\/section>\n\t\t\t\t<\/div>\n\t\t","protected":false},"excerpt":{"rendered":"<p>Nosotros Nos enorgullece presentar en sociedad la Universidad Popular de los Trabajadores y Trabajadoras de Mar del Plata y Zona Atl\u00e1ntica, creada por el Sindicato de Empleados de Comercio de Mar del Plata y Zona Atl\u00e1ntica (SECZA) en el marco de lo establecido por la OCS N\u00b0562 del 2019 de la Universidad Nacional de Mar&hellip;&nbsp;<a href=\"https:\/\/upt.com.ar\/index.php\/nos\/\" class=\"\" rel=\"bookmark\">Leer m\u00e1s &raquo;<span class=\"screen-reader-text\">Nosotros<\/span><\/a><\/p>\n","protected":false},"author":1,"featured_media":0,"parent":0,"menu_order":0,"comment_status":"closed","ping_status":"closed","template":"elementor_header_footer","meta":{"_monsterinsights_skip_tracking":false,"_monsterinsights_sitenote_active":false,"_monsterinsights_sitenote_note":"","_monsterinsights_sitenote_category":0,"neve_meta_sidebar":"","neve_meta_container":"","neve_meta_enable_content_width":"on","neve_meta_content_width":100,"neve_meta_title_alignment":"","neve_meta_author_avatar":"","neve_post_elements_order":"","neve_meta_disable_header":"","neve_meta_disable_footer":"","neve_meta_disable_title":"on","_joinchat":[],"footnotes":""},"class_list":["post-342","page","type-page","status-publish","hentry"],"aioseo_notices":[],"_links":{"self":[{"href":"https:\/\/upt.com.ar\/index.php\/wp-json\/wp\/v2\/pages\/342","targetHints":{"allow":["GET"]}}],"collection":[{"href":"https:\/\/upt.com.ar\/index.php\/wp-json\/wp\/v2\/pages"}],"about":[{"href":"https:\/\/upt.com.ar\/index.php\/wp-json\/wp\/v2\/types\/page"}],"author":[{"embeddable":true,"href":"https:\/\/upt.com.ar\/index.php\/wp-json\/wp\/v2\/users\/1"}],"replies":[{"embeddable":true,"href":"https:\/\/upt.com.ar\/index.php\/wp-json\/wp\/v2\/comments?post=342"}],"version-history":[{"count":89,"href":"https:\/\/upt.com.ar\/index.php\/wp-json\/wp\/v2\/pages\/342\/revisions"}],"predecessor-version":[{"id":2286,"href":"https:\/\/upt.com.ar\/index.php\/wp-json\/wp\/v2\/pages\/342\/revisions\/2286"}],"wp:attachment":[{"href":"https:\/\/upt.com.ar\/index.php\/wp-json\/wp\/v2\/media?parent=342"}],"curies":[{"name":"wp","href":"https:\/\/api.w.org\/{rel}","templated":true}]}}